{"id":154,"date":"2023-01-31T12:11:20","date_gmt":"2023-01-31T12:11:20","guid":{"rendered":"https:\/\/www.orim.cz\/?page_id=154"},"modified":"2023-01-31T12:58:58","modified_gmt":"2023-01-31T12:58:58","slug":"internet-a-web","status":"publish","type":"page","link":"https:\/\/www.orim.cz\/?page_id=154","title":{"rendered":"Internet a web"},"content":{"rendered":"\t\t<div data-elementor-type=\"wp-page\" data-elementor-id=\"154\" class=\"elementor elementor-154\">\n\t\t\t\t\t\t\t\t\t<section class=\"elementor-section elementor-top-section elementor-element elementor-element-5080851b elementor-section-boxed elementor-section-height-default elementor-section-height-default\" data-id=\"5080851b\" data-element_type=\"section\" data-settings=\"{&quot;background_background&quot;:&quot;classic&quot;}\">\n\t\t\t\t\t\t<div class=\"elementor-container elementor-column-gap-default\">\n\t\t\t\t\t<div class=\"elementor-column elementor-col-25 elementor-top-column elementor-element elementor-element-6613ec00\" data-id=\"6613ec00\" data-element_type=\"column\">\n\t\t\t<div class=\"elementor-widget-wrap\">\n\t\t\t\t\t\t\t\t\t<\/div>\n\t\t<\/div>\n\t\t\t\t<div class=\"elementor-column elementor-col-50 elementor-top-column elementor-element elementor-element-4bce7f1d\" data-id=\"4bce7f1d\" data-element_type=\"column\">\n\t\t\t<div class=\"elementor-widget-wrap elementor-element-populated\">\n\t\t\t\t\t\t\t\t<div class=\"elementor-element elementor-element-423fa35f elementor-widget elementor-widget-heading\" data-id=\"423fa35f\" data-element_type=\"widget\" data-widget_type=\"heading.default\">\n\t\t\t\t<div class=\"elementor-widget-container\">\n\t\t\t<style>\/*! elementor - v3.10.1 - 17-01-2023 *\/\n.elementor-heading-title{padding:0;margin:0;line-height:1}.elementor-widget-heading .elementor-heading-title[class*=elementor-size-]>a{color:inherit;font-size:inherit;line-height:inherit}.elementor-widget-heading .elementor-heading-title.elementor-size-small{font-size:15px}.elementor-widget-heading .elementor-heading-title.elementor-size-medium{font-size:19px}.elementor-widget-heading .elementor-heading-title.elementor-size-large{font-size:29px}.elementor-widget-heading .elementor-heading-title.elementor-size-xl{font-size:39px}.elementor-widget-heading .elementor-heading-title.elementor-size-xxl{font-size:59px}<\/style><h2 class=\"elementor-heading-title elementor-size-xxl\">ORI-gin\u00e1ln\u00ed <\/h2>\t\t<\/div>\n\t\t\t\t<\/div>\n\t\t\t\t<div class=\"elementor-element elementor-element-10c88d2 elementor-widget elementor-widget-heading\" data-id=\"10c88d2\" data-element_type=\"widget\" data-widget_type=\"heading.default\">\n\t\t\t\t<div class=\"elementor-widget-container\">\n\t\t\t<h2 class=\"elementor-heading-title elementor-size-xxl\">M-arketing<\/h2>\t\t<\/div>\n\t\t\t\t<\/div>\n\t\t\t\t\t<\/div>\n\t\t<\/div>\n\t\t\t\t<div class=\"elementor-column elementor-col-25 elementor-top-column elementor-element elementor-element-4dae5524\" data-id=\"4dae5524\" data-element_type=\"column\">\n\t\t\t<div class=\"elementor-widget-wrap\">\n\t\t\t\t\t\t\t\t\t<\/div>\n\t\t<\/div>\n\t\t\t\t\t\t\t<\/div>\n\t\t<\/section>\n\t\t\t\t<section class=\"elementor-section elementor-top-section elementor-element elementor-element-7c5db881 elementor-section-boxed elementor-section-height-default elementor-section-height-default\" data-id=\"7c5db881\" data-element_type=\"section\">\n\t\t\t\t\t\t<div class=\"elementor-container elementor-column-gap-default\">\n\t\t\t\t\t<div class=\"elementor-column elementor-col-100 elementor-top-column elementor-element elementor-element-1b80f3f9\" data-id=\"1b80f3f9\" data-element_type=\"column\">\n\t\t\t<div class=\"elementor-widget-wrap elementor-element-populated\">\n\t\t\t\t\t\t\t\t<section class=\"elementor-section elementor-inner-section elementor-element elementor-element-6ba22554 elementor-section-boxed elementor-section-height-default elementor-section-height-default\" data-id=\"6ba22554\" data-element_type=\"section\" data-settings=\"{&quot;background_background&quot;:&quot;classic&quot;}\">\n\t\t\t\t\t\t<div class=\"elementor-container elementor-column-gap-default\">\n\t\t\t\t\t<div class=\"elementor-column elementor-col-100 elementor-inner-column elementor-element elementor-element-3109b5e0\" data-id=\"3109b5e0\" data-element_type=\"column\">\n\t\t\t<div class=\"elementor-widget-wrap elementor-element-populated\">\n\t\t\t\t\t\t\t\t<div class=\"elementor-element elementor-element-25ec8e9f elementor-view-default elementor-mobile-position-top elementor-vertical-align-top elementor-widget elementor-widget-icon-box\" data-id=\"25ec8e9f\" data-element_type=\"widget\" data-widget_type=\"icon-box.default\">\n\t\t\t\t<div class=\"elementor-widget-container\">\n\t\t\t<link rel=\"stylesheet\" href=\"https:\/\/www.orim.cz\/wp-content\/plugins\/elementor\/assets\/css\/widget-icon-box.min.css\">\t\t<div class=\"elementor-icon-box-wrapper\">\n\t\t\t\t\t\t<div class=\"elementor-icon-box-icon\">\n\t\t\t\t<a class=\"elementor-icon elementor-animation-\" href=\"#\">\n\t\t\t\t<i aria-hidden=\"true\" class=\"fas fa-handshake\"><\/i>\t\t\t\t<\/a>\n\t\t\t<\/div>\n\t\t\t\t\t\t<div class=\"elementor-icon-box-content\">\n\t\t\t\t<h3 class=\"elementor-icon-box-title\">\n\t\t\t\t\t<a href=\"#\" >\n\t\t\t\t\t\tInternet a web\t\t\t\t\t<\/a>\n\t\t\t\t<\/h3>\n\t\t\t\t\t\t\t<\/div>\n\t\t<\/div>\n\t\t\t\t<\/div>\n\t\t\t\t<\/div>\n\t\t\t\t<div class=\"elementor-element elementor-element-8ce836c elementor-widget elementor-widget-text-editor\" data-id=\"8ce836c\" data-element_type=\"widget\" data-widget_type=\"text-editor.default\">\n\t\t\t\t<div class=\"elementor-widget-container\">\n\t\t\t<style>\/*! elementor - v3.10.1 - 17-01-2023 *\/\n.elementor-widget-text-editor.elementor-drop-cap-view-stacked .elementor-drop-cap{background-color:#818a91;color:#fff}.elementor-widget-text-editor.elementor-drop-cap-view-framed .elementor-drop-cap{color:#818a91;border:3px solid;background-color:transparent}.elementor-widget-text-editor:not(.elementor-drop-cap-view-default) .elementor-drop-cap{margin-top:8px}.elementor-widget-text-editor:not(.elementor-drop-cap-view-default) .elementor-drop-cap-letter{width:1em;height:1em}.elementor-widget-text-editor .elementor-drop-cap{float:left;text-align:center;line-height:1;font-size:50px}.elementor-widget-text-editor .elementor-drop-cap-letter{display:inline-block}<\/style>\t\t\t\t<p>Kdo nen\u00ed na internetu jako by nebyl. S touto citac\u00ed se p\u0159i jedn\u00e1n\u00ed, kter\u00e9 se t\u00fdkaj\u00ed internetov\u00fdch str\u00e1nek setk\u00e1v\u00e1te asi pravideln\u011b. I n\u00e1m nezb\u00fdv\u00e1 ne\u017e souhlasit.<\/p><p>Uv\u011bdomujeme si, \u017ee internetov\u00e1 prezentace je v sou\u010dasn\u00e9 dob\u011b jedn\u00edm z hlavn\u00edch informa\u010dn\u00edch, komunika\u010dn\u00edch nebo prodejn\u00edch n\u00e1stroj\u016f. Zam\u011b\u0159ujeme se proto na n\u011bkolik hlavn\u00edch bod\u016f, kter\u00e9 pova\u017eujeme za velmi d\u016fle\u017eit\u00e9:<\/p>\t\t\t\t\t\t<\/div>\n\t\t\t\t<\/div>\n\t\t\t\t<div class=\"elementor-element elementor-element-d47da03 elementor-widget elementor-widget-text-editor\" data-id=\"d47da03\" data-element_type=\"widget\" data-widget_type=\"text-editor.default\">\n\t\t\t\t<div class=\"elementor-widget-container\">\n\t\t\t\t\t\t\t<ul><li>Tvorba kvalitn\u00ed a hlavn\u011b bezchybn\u011b naprogramovan\u00e9 prezentace Va\u0161\u00ed spole\u010dnosti v internetov\u00e9m prostoru<\/li><li>Realizujeme str\u00e1nky, kter\u00e9 jsou p\u0159ehledn\u00e9 s optim\u00e1ln\u00edm objemem text\u016f a nav\u00edc u\u017eivatelsky p\u0159\u00edjemn\u00e9<\/li><li>Sna\u017e\u00edme se, aby z\u00e1kazn\u00edci na Va\u0161ich str\u00e1nk\u00e1ch m\u011bly co nejv\u00edc \u0161anc\u00ed V\u00e1s p\u0159\u00edmo kontaktovat se sv\u00fdmi po\u017eadavky a p\u0159\u00e1n\u00edmi<\/li><li>Zaji\u0161\u0165ujeme marketingovou n\u00e1slednou podporu vytvo\u0159en\u00e9 prezentace<\/li><\/ul>\t\t\t\t\t\t<\/div>\n\t\t\t\t<\/div>\n\t\t\t\t<div class=\"elementor-element elementor-element-18d19a8 elementor-align-center elementor-widget elementor-widget-button\" data-id=\"18d19a8\" data-element_type=\"widget\" data-widget_type=\"button.default\">\n\t\t\t\t<div class=\"elementor-widget-container\">\n\t\t\t\t\t<div class=\"elementor-button-wrapper\">\n\t\t\t<a href=\"https:\/\/www.orim.cz\/?page_id=162\" class=\"elementor-button-link elementor-button elementor-size-sm\" role=\"button\">\n\t\t\t\t\t\t<span class=\"elementor-button-content-wrapper\">\n\t\t\t\t\t\t<span class=\"elementor-button-text\">Pro bli\u017e\u0161\u00ed informace n\u00e1s kontaktujte  ><\/span>\n\t\t<\/span>\n\t\t\t\t\t<\/a>\n\t\t<\/div>\n\t\t\t\t<\/div>\n\t\t\t\t<\/div>\n\t\t\t\t\t<\/div>\n\t\t<\/div>\n\t\t\t\t\t\t\t<\/div>\n\t\t<\/section>\n\t\t\t\t\t<\/div>\n\t\t<\/div>\n\t\t\t\t\t\t\t<\/div>\n\t\t<\/section>\n\t\t\t\t<section class=\"elementor-section elementor-top-section elementor-element elementor-element-34ef05b2 elementor-section-boxed elementor-section-height-default elementor-section-height-default\" data-id=\"34ef05b2\" data-element_type=\"section\" data-settings=\"{&quot;background_background&quot;:&quot;classic&quot;}\">\n\t\t\t\t\t\t<div class=\"elementor-container elementor-column-gap-default\">\n\t\t\t\t\t<div class=\"elementor-column elementor-col-50 elementor-top-column elementor-element elementor-element-206033aa\" data-id=\"206033aa\" data-element_type=\"column\">\n\t\t\t<div class=\"elementor-widget-wrap elementor-element-populated\">\n\t\t\t\t\t\t\t\t<div class=\"elementor-element elementor-element-b1b94cf elementor-widget elementor-widget-heading\" data-id=\"b1b94cf\" data-element_type=\"widget\" data-widget_type=\"heading.default\">\n\t\t\t\t<div class=\"elementor-widget-container\">\n\t\t\t<h2 class=\"elementor-heading-title elementor-size-default\">Na co se ale specializujeme ?<\/h2>\t\t<\/div>\n\t\t\t\t<\/div>\n\t\t\t\t<div class=\"elementor-element elementor-element-f7d4c04 elementor-widget elementor-widget-heading\" data-id=\"f7d4c04\" data-element_type=\"widget\" data-widget_type=\"heading.default\">\n\t\t\t\t<div class=\"elementor-widget-container\">\n\t\t\t<h3 class=\"elementor-heading-title elementor-size-default\">Na ORI-gin\u00e1ln\u00ed M-arketing<\/h3>\t\t<\/div>\n\t\t\t\t<\/div>\n\t\t\t\t<div class=\"elementor-element elementor-element-4ed85f5c elementor-widget elementor-widget-text-editor\" data-id=\"4ed85f5c\" data-element_type=\"widget\" data-widget_type=\"text-editor.default\">\n\t\t\t\t<div class=\"elementor-widget-container\">\n\t\t\t\t\t\t\t<p>Co si pod pojmem origin\u00e1ln\u00ed marketing p\u0159edstavit? V\u00edcem\u00e9n\u011b v\u0161echno, co V\u00e1s napadne nebo to, co V\u00e1s mo\u017en\u00e1 je\u0161t\u011b nenapadlo. Konkr\u00e9tn\u011b m\u016f\u017eeme zm\u00ednit querilla marketing, netradi\u010dn\u00ed d\u00e1rkov\u00e9 p\u0159edm\u011bty a mnoho dal\u0161\u00edch v\u011bc\u00ed.<\/p>\t\t\t\t\t\t<\/div>\n\t\t\t\t<\/div>\n\t\t\t\t<div class=\"elementor-element elementor-element-70b18d6c elementor-align-center elementor-widget elementor-widget-button\" data-id=\"70b18d6c\" data-element_type=\"widget\" data-widget_type=\"button.default\">\n\t\t\t\t<div class=\"elementor-widget-container\">\n\t\t\t\t\t<div class=\"elementor-button-wrapper\">\n\t\t\t<a href=\"https:\/\/www.orim.cz\/?page_id=156\" class=\"elementor-button-link elementor-button elementor-size-sm\" role=\"button\">\n\t\t\t\t\t\t<span class=\"elementor-button-content-wrapper\">\n\t\t\t\t\t\t<span class=\"elementor-button-text\">V\u00edce o origin\u00e1ln\u00edm marketingu ><\/span>\n\t\t<\/span>\n\t\t\t\t\t<\/a>\n\t\t<\/div>\n\t\t\t\t<\/div>\n\t\t\t\t<\/div>\n\t\t\t\t<div class=\"elementor-element elementor-element-689c46f6 elementor-hidden-mobile elementor-widget elementor-widget-image\" data-id=\"689c46f6\" data-element_type=\"widget\" data-widget_type=\"image.default\">\n\t\t\t\t<div class=\"elementor-widget-container\">\n\t\t\t<style>\/*! elementor - v3.10.1 - 17-01-2023 *\/\n.elementor-widget-image{text-align:center}.elementor-widget-image a{display:inline-block}.elementor-widget-image a img[src$=\".svg\"]{width:48px}.elementor-widget-image img{vertical-align:middle;display:inline-block}<\/style>\t\t\t\t\t\t\t\t\t\t\t\t<img decoding=\"async\" width=\"800\" height=\"266\" src=\"https:\/\/www.orim.cz\/wp-content\/uploads\/2023\/01\/arrows-gd46c1bfba_1920-1024x340.jpg\" class=\"attachment-large size-large wp-image-56\" alt=\"\" loading=\"lazy\" srcset=\"https:\/\/www.orim.cz\/wp-content\/uploads\/2023\/01\/arrows-gd46c1bfba_1920-1024x340.jpg 1024w, https:\/\/www.orim.cz\/wp-content\/uploads\/2023\/01\/arrows-gd46c1bfba_1920-300x100.jpg 300w, https:\/\/www.orim.cz\/wp-content\/uploads\/2023\/01\/arrows-gd46c1bfba_1920-768x255.jpg 768w, https:\/\/www.orim.cz\/wp-content\/uploads\/2023\/01\/arrows-gd46c1bfba_1920-1536x510.jpg 1536w, https:\/\/www.orim.cz\/wp-content\/uploads\/2023\/01\/arrows-gd46c1bfba_1920.jpg 1920w\" sizes=\"(max-width: 800px) 100vw, 800px\" \/>\t\t\t\t\t\t\t\t\t\t\t\t\t\t\t<\/div>\n\t\t\t\t<\/div>\n\t\t\t\t\t<\/div>\n\t\t<\/div>\n\t\t\t\t<div class=\"elementor-column elementor-col-50 elementor-top-column elementor-element elementor-element-d8da173\" data-id=\"d8da173\" data-element_type=\"column\">\n\t\t\t<div class=\"elementor-widget-wrap elementor-element-populated\">\n\t\t\t\t\t\t\t\t<div class=\"elementor-element elementor-element-56c91954 elementor-widget elementor-widget-image\" data-id=\"56c91954\" data-element_type=\"widget\" data-widget_type=\"image.default\">\n\t\t\t\t<div class=\"elementor-widget-container\">\n\t\t\t\t\t\t\t\t\t\t\t\t\t\t\t<img decoding=\"async\" width=\"686\" height=\"364\" src=\"https:\/\/www.orim.cz\/wp-content\/uploads\/2023\/01\/orim.jpg\" class=\"attachment-large size-large wp-image-55\" alt=\"\" loading=\"lazy\" srcset=\"https:\/\/www.orim.cz\/wp-content\/uploads\/2023\/01\/orim.jpg 686w, https:\/\/www.orim.cz\/wp-content\/uploads\/2023\/01\/orim-300x159.jpg 300w\" sizes=\"(max-width: 686px) 100vw, 686px\" \/>\t\t\t\t\t\t\t\t\t\t\t\t\t\t\t<\/div>\n\t\t\t\t<\/div>\n\t\t\t\t\t<\/div>\n\t\t<\/div>\n\t\t\t\t\t\t\t<\/div>\n\t\t<\/section>\n\t\t\t\t<section class=\"elementor-section elementor-top-section elementor-element elementor-element-48bfbca4 elementor-section-stretched elementor-section-boxed elementor-section-height-default elementor-section-height-default\" data-id=\"48bfbca4\" data-element_type=\"section\" data-settings=\"{&quot;stretch_section&quot;:&quot;section-stretched&quot;,&quot;background_background&quot;:&quot;classic&quot;}\">\n\t\t\t\t\t\t\t<div class=\"elementor-background-overlay\"><\/div>\n\t\t\t\t\t\t\t<div class=\"elementor-container elementor-column-gap-default\">\n\t\t\t\t\t<div class=\"elementor-column elementor-col-50 elementor-top-column elementor-element elementor-element-cd8413a\" data-id=\"cd8413a\" data-element_type=\"column\">\n\t\t\t<div class=\"elementor-widget-wrap elementor-element-populated\">\n\t\t\t\t\t\t\t\t<div class=\"elementor-element elementor-element-47657d56 elementor-position-left elementor-view-default elementor-mobile-position-top elementor-vertical-align-top elementor-widget elementor-widget-icon-box\" data-id=\"47657d56\" data-element_type=\"widget\" data-widget_type=\"icon-box.default\">\n\t\t\t\t<div class=\"elementor-widget-container\">\n\t\t\t\t\t<div class=\"elementor-icon-box-wrapper\">\n\t\t\t\t\t\t<div class=\"elementor-icon-box-icon\">\n\t\t\t\t<span class=\"elementor-icon elementor-animation-\" >\n\t\t\t\t<i aria-hidden=\"true\" class=\"fas fa-mail-bulk\"><\/i>\t\t\t\t<\/span>\n\t\t\t<\/div>\n\t\t\t\t\t\t<div class=\"elementor-icon-box-content\">\n\t\t\t\t<h3 class=\"elementor-icon-box-title\">\n\t\t\t\t\t<span  >\n\t\t\t\t\t\tKontaktujte n\u00e1s\t\t\t\t\t<\/span>\n\t\t\t\t<\/h3>\n\t\t\t\t\t\t\t\t\t<p class=\"elementor-icon-box-description\">\n\t\t\t\t\t\ta ur\u010dit\u011b nalezneme pro Va\u0161i spole\u010dnost to nejp\u0159\u00ednosn\u011bj\u0161\u00ed \u0159e\u0161en\u00ed.\n\t\t\t\t\t<\/p>\n\t\t\t\t\t\t\t<\/div>\n\t\t<\/div>\n\t\t\t\t<\/div>\n\t\t\t\t<\/div>\n\t\t\t\t\t<\/div>\n\t\t<\/div>\n\t\t\t\t<div class=\"elementor-column elementor-col-50 elementor-top-column elementor-element elementor-element-42736b15\" data-id=\"42736b15\" data-element_type=\"column\">\n\t\t\t<div class=\"elementor-widget-wrap elementor-element-populated\">\n\t\t\t\t\t\t\t\t<div class=\"elementor-element elementor-element-44189e0 elementor-align-center elementor-widget elementor-widget-button\" data-id=\"44189e0\" data-element_type=\"widget\" data-widget_type=\"button.default\">\n\t\t\t\t<div class=\"elementor-widget-container\">\n\t\t\t\t\t<div class=\"elementor-button-wrapper\">\n\t\t\t<a href=\"https:\/\/www.orim.cz\/?page_id=162\" class=\"elementor-button-link elementor-button elementor-size-sm\" role=\"button\">\n\t\t\t\t\t\t<span class=\"elementor-button-content-wrapper\">\n\t\t\t\t\t\t<span class=\"elementor-button-text\">Kontakt na n\u00e1s ><\/span>\n\t\t<\/span>\n\t\t\t\t\t<\/a>\n\t\t<\/div>\n\t\t\t\t<\/div>\n\t\t\t\t<\/div>\n\t\t\t\t\t<\/div>\n\t\t<\/div>\n\t\t\t\t\t\t\t<\/div>\n\t\t<\/section>\n\t\t\t\t\t\t\t<\/div>\n\t\t","protected":false},"excerpt":{"rendered":"<p>ORI-gin\u00e1ln\u00ed M-arketing Internet a web Kdo nen\u00ed na internetu jako by nebyl. S touto citac\u00ed se p\u0159i jedn\u00e1n\u00ed, kter\u00e9 se t\u00fdkaj\u00ed internetov\u00fdch str\u00e1nek setk\u00e1v\u00e1te asi pravideln\u011b. I n\u00e1m nezb\u00fdv\u00e1 ne\u017e souhlasit. Uv\u011bdomujeme si, \u017ee internetov\u00e1 prezentace je v sou\u010dasn\u00e9 dob\u011b jedn\u00edm z hlavn\u00edch informa\u010dn\u00edch, komunika\u010dn\u00edch nebo prodejn\u00edch n\u00e1stroj\u016f. Zam\u011b\u0159ujeme se proto na n\u011bkolik hlavn\u00edch bod\u016f, [&hellip;]<\/p>\n","protected":false},"author":1,"featured_media":0,"parent":0,"menu_order":0,"comment_status":"closed","ping_status":"closed","template":"","meta":[],"yoast_head":"<!-- This site is optimized with the Yoast SEO Premium plugin v19.6 (Yoast SEO v19.12) - https:\/\/yoast.com\/wordpress\/plugins\/seo\/ -->\n<title>Internet a web - Orim<\/title>\n<meta name=\"robots\" content=\"index, follow, max-snippet:-1, max-image-preview:large, max-video-preview:-1\" \/>\n<link rel=\"canonical\" href=\"https:\/\/www.orim.cz\/?page_id=154\" \/>\n<meta property=\"og:locale\" content=\"cs_CZ\" \/>\n<meta property=\"og:type\" content=\"article\" \/>\n<meta property=\"og:title\" content=\"Internet a web\" \/>\n<meta property=\"og:description\" content=\"ORI-gin\u00e1ln\u00ed M-arketing Internet a web Kdo nen\u00ed na internetu jako by nebyl. S touto citac\u00ed se p\u0159i jedn\u00e1n\u00ed, kter\u00e9 se t\u00fdkaj\u00ed internetov\u00fdch str\u00e1nek setk\u00e1v\u00e1te asi pravideln\u011b. I n\u00e1m nezb\u00fdv\u00e1 ne\u017e souhlasit. Uv\u011bdomujeme si, \u017ee internetov\u00e1 prezentace je v sou\u010dasn\u00e9 dob\u011b jedn\u00edm z hlavn\u00edch informa\u010dn\u00edch, komunika\u010dn\u00edch nebo prodejn\u00edch n\u00e1stroj\u016f. Zam\u011b\u0159ujeme se proto na n\u011bkolik hlavn\u00edch bod\u016f, [&hellip;]\" \/>\n<meta property=\"og:url\" content=\"https:\/\/www.orim.cz\/?page_id=154\" \/>\n<meta property=\"og:site_name\" content=\"Orim\" \/>\n<meta property=\"article:modified_time\" content=\"2023-01-31T12:58:58+00:00\" \/>\n<meta property=\"og:image\" content=\"https:\/\/www.orim.cz\/wp-content\/uploads\/2023\/01\/arrows-gd46c1bfba_1920-1024x340.jpg\" \/>\n<meta name=\"twitter:card\" content=\"summary_large_image\" \/>\n<meta name=\"twitter:label1\" content=\"Odhadovan\u00e1 doba \u010dten\u00ed\" \/>\n\t<meta name=\"twitter:data1\" content=\"2 minuty\" \/>\n<script type=\"application\/ld+json\" class=\"yoast-schema-graph\">{\"@context\":\"https:\/\/schema.org\",\"@graph\":[{\"@type\":\"WebPage\",\"@id\":\"https:\/\/www.orim.cz\/?page_id=154\",\"url\":\"https:\/\/www.orim.cz\/?page_id=154\",\"name\":\"Internet a web - Orim\",\"isPartOf\":{\"@id\":\"https:\/\/www.orim.cz\/#website\"},\"datePublished\":\"2023-01-31T12:11:20+00:00\",\"dateModified\":\"2023-01-31T12:58:58+00:00\",\"breadcrumb\":{\"@id\":\"https:\/\/www.orim.cz\/?page_id=154#breadcrumb\"},\"inLanguage\":\"cs\",\"potentialAction\":[{\"@type\":\"ReadAction\",\"target\":[\"https:\/\/www.orim.cz\/?page_id=154\"]}]},{\"@type\":\"BreadcrumbList\",\"@id\":\"https:\/\/www.orim.cz\/?page_id=154#breadcrumb\",\"itemListElement\":[{\"@type\":\"ListItem\",\"position\":1,\"name\":\"Home\",\"item\":\"https:\/\/www.orim.cz\/\"},{\"@type\":\"ListItem\",\"position\":2,\"name\":\"Internet a web\"}]},{\"@type\":\"WebSite\",\"@id\":\"https:\/\/www.orim.cz\/#website\",\"url\":\"https:\/\/www.orim.cz\/\",\"name\":\"Orim\",\"description\":\"\",\"potentialAction\":[{\"@type\":\"SearchAction\",\"target\":{\"@type\":\"EntryPoint\",\"urlTemplate\":\"https:\/\/www.orim.cz\/?s={search_term_string}\"},\"query-input\":\"required name=search_term_string\"}],\"inLanguage\":\"cs\"}]}<\/script>\n<!-- \/ Yoast SEO Premium plugin. -->","yoast_head_json":{"title":"Internet a web - Orim","robots":{"index":"index","follow":"follow","max-snippet":"max-snippet:-1","max-image-preview":"max-image-preview:large","max-video-preview":"max-video-preview:-1"},"canonical":"https:\/\/www.orim.cz\/?page_id=154","og_locale":"cs_CZ","og_type":"article","og_title":"Internet a web","og_description":"ORI-gin\u00e1ln\u00ed M-arketing Internet a web Kdo nen\u00ed na internetu jako by nebyl. S touto citac\u00ed se p\u0159i jedn\u00e1n\u00ed, kter\u00e9 se t\u00fdkaj\u00ed internetov\u00fdch str\u00e1nek setk\u00e1v\u00e1te asi pravideln\u011b. I n\u00e1m nezb\u00fdv\u00e1 ne\u017e souhlasit. Uv\u011bdomujeme si, \u017ee internetov\u00e1 prezentace je v sou\u010dasn\u00e9 dob\u011b jedn\u00edm z hlavn\u00edch informa\u010dn\u00edch, komunika\u010dn\u00edch nebo prodejn\u00edch n\u00e1stroj\u016f. Zam\u011b\u0159ujeme se proto na n\u011bkolik hlavn\u00edch bod\u016f, [&hellip;]","og_url":"https:\/\/www.orim.cz\/?page_id=154","og_site_name":"Orim","article_modified_time":"2023-01-31T12:58:58+00:00","og_image":[{"url":"https:\/\/www.orim.cz\/wp-content\/uploads\/2023\/01\/arrows-gd46c1bfba_1920-1024x340.jpg"}],"twitter_card":"summary_large_image","twitter_misc":{"Odhadovan\u00e1 doba \u010dten\u00ed":"2 minuty"},"schema":{"@context":"https:\/\/schema.org","@graph":[{"@type":"WebPage","@id":"https:\/\/www.orim.cz\/?page_id=154","url":"https:\/\/www.orim.cz\/?page_id=154","name":"Internet a web - Orim","isPartOf":{"@id":"https:\/\/www.orim.cz\/#website"},"datePublished":"2023-01-31T12:11:20+00:00","dateModified":"2023-01-31T12:58:58+00:00","breadcrumb":{"@id":"https:\/\/www.orim.cz\/?page_id=154#breadcrumb"},"inLanguage":"cs","potentialAction":[{"@type":"ReadAction","target":["https:\/\/www.orim.cz\/?page_id=154"]}]},{"@type":"BreadcrumbList","@id":"https:\/\/www.orim.cz\/?page_id=154#breadcrumb","itemListElement":[{"@type":"ListItem","position":1,"name":"Home","item":"https:\/\/www.orim.cz\/"},{"@type":"ListItem","position":2,"name":"Internet a web"}]},{"@type":"WebSite","@id":"https:\/\/www.orim.cz\/#website","url":"https:\/\/www.orim.cz\/","name":"Orim","description":"","potentialAction":[{"@type":"SearchAction","target":{"@type":"EntryPoint","urlTemplate":"https:\/\/www.orim.cz\/?s={search_term_string}"},"query-input":"required name=search_term_string"}],"inLanguage":"cs"}]}},"_links":{"self":[{"href":"https:\/\/www.orim.cz\/index.php?rest_route=\/wp\/v2\/pages\/154"}],"collection":[{"href":"https:\/\/www.orim.cz\/index.php?rest_route=\/wp\/v2\/pages"}],"about":[{"href":"https:\/\/www.orim.cz\/index.php?rest_route=\/wp\/v2\/types\/page"}],"author":[{"embeddable":true,"href":"https:\/\/www.orim.cz\/index.php?rest_route=\/wp\/v2\/users\/1"}],"replies":[{"embeddable":true,"href":"https:\/\/www.orim.cz\/index.php?rest_route=%2Fwp%2Fv2%2Fcomments&post=154"}],"version-history":[{"count":7,"href":"https:\/\/www.orim.cz\/index.php?rest_route=\/wp\/v2\/pages\/154\/revisions"}],"predecessor-version":[{"id":205,"href":"https:\/\/www.orim.cz\/index.php?rest_route=\/wp\/v2\/pages\/154\/revisions\/205"}],"wp:attachment":[{"href":"https:\/\/www.orim.cz\/index.php?rest_route=%2Fwp%2Fv2%2Fmedia&parent=154"}],"curies":[{"name":"wp","href":"https:\/\/api.w.org\/{rel}","templated":true}]}}